{"id":4394,"date":"2021-02-20T15:02:18","date_gmt":"2021-02-20T12:02:18","guid":{"rendered":"https:\/\/gcm.com.tr\/en\/?page_id=4394"},"modified":"2021-04-03T17:07:45","modified_gmt":"2021-04-03T14:07:45","slug":"teknik-servis","status":"publish","type":"page","link":"https:\/\/gcm.com.tr\/en\/teknik-servis\/","title":{"rendered":"Teknik Servis Talep"},"content":{"rendered":"[vc_row type=&#8221;full_width_content&#8221; full_screen_row_position=&#8221;middle&#8221; column_margin=&#8221;default&#8221; column_direction=&#8221;default&#8221; column_direction_tablet=&#8221;default&#8221; column_direction_phone=&#8221;default&#8221; scene_position=&#8221;center&#8221; text_color=&#8221;dark&#8221; text_align=&#8221;left&#8221; row_border_radius=&#8221;none&#8221; row_border_radius_applies=&#8221;bg&#8221; overlay_strength=&#8221;0.3&#8243; gradient_direction=&#8221;left_to_right&#8221; shape_divider_position=&#8221;bottom&#8221; bg_image_animation=&#8221;none&#8221; shape_type=&#8221;&#8221;][vc_column column_padding=&#8221;no-extra-padding&#8221; column_padding_tablet=&#8221;inherit&#8221; column_padding_phone=&#8221;inherit&#8221; column_padding_position=&#8221;all&#8221; centered_text=&#8221;true&#8221; background_color=&#8221;#555e62&#8243; background_color_opacity=&#8221;1&#8243; background_hover_color_opacity=&#8221;1&#8243; column_shadow=&#8221;none&#8221; column_border_radius=&#8221;none&#8221; column_link_target=&#8221;_self&#8221; gradient_direction=&#8221;left_to_right&#8221; overlay_strength=&#8221;0.3&#8243; width=&#8221;1\/3&#8243; tablet_width_inherit=&#8221;default&#8221; tablet_text_alignment=&#8221;default&#8221; phone_text_alignment=&#8221;default&#8221; column_border_width=&#8221;none&#8221; column_border_style=&#8221;solid&#8221; bg_image_animation=&#8221;none&#8221;][nectar_gmap map_type=&#8221;leaflet&#8221; zoom=&#8221;16&#8243; marker_style=&#8221;nectar&#8221; color=&#8221;accent-color&#8221; size=&#8221;400&#8243; map_center_lat=&#8221;41.080612&#8243; map_center_lng=&#8221;28.667171&#8243; map_markers=&#8221;41.080612|28.667171&#8243;][vc_column_text]\n<h3 style=\"text-align: center;\"><span style=\"color: #ffffff;\">Head Office<\/span><\/h3>\n<p style=\"text-align: center;\"><span style=\"color: #ffffff;\">Bah\u00e7e\u015fehir 2. K\u0131s\u0131m Mah.<br \/>\nAnadolu Cad. G\u00fclhatmi Sok.<br \/>\nNo: 2\/A Ba\u015fkent Villalar\u0131<br \/>\nBa\u015fak\u015fehir\/\u0130stanbul &#8211; T\u00fcrkiye<br \/>\n<i class=\"fa fa-phone\"><\/i> <a style=\"color: #ffffff;\" href=\"tel:902126071828\">+90 (212) 607 18 28<\/a><br \/>\n<i class=\"fa fa-fax\"><\/i> <a style=\"color: #ffffff;\" href=\"tel:+90 (212) 607 28 76\">+90 (212) 607 28 76<\/a><br \/>\n<i class=\"fa fa-envelope\"><\/i> <a style=\"color: #ffffff;\" href=\"mailto:info@gcm.com.tr\">info@gcm.com.tr<\/a><\/span><\/p>\n[\/vc_column_text][\/vc_column][vc_column column_padding=&#8221;no-extra-padding&#8221; column_padding_tablet=&#8221;inherit&#8221; column_padding_phone=&#8221;inherit&#8221; column_padding_position=&#8221;all&#8221; background_color=&#8221;#555e62&#8243; background_color_opacity=&#8221;1&#8243; background_hover_color_opacity=&#8221;1&#8243; column_shadow=&#8221;none&#8221; column_border_radius=&#8221;none&#8221; column_link_target=&#8221;_self&#8221; gradient_direction=&#8221;left_to_right&#8221; overlay_strength=&#8221;0.3&#8243; width=&#8221;1\/3&#8243; tablet_width_inherit=&#8221;default&#8221; tablet_text_alignment=&#8221;default&#8221; phone_text_alignment=&#8221;default&#8221; column_border_width=&#8221;none&#8221; column_border_style=&#8221;solid&#8221; bg_image_animation=&#8221;none&#8221;][nectar_gmap map_type=&#8221;leaflet&#8221; zoom=&#8221;16&#8243; marker_style=&#8221;nectar&#8221; color=&#8221;accent-color&#8221; size=&#8221;400&#8243; map_center_lat=&#8221;38.627219&#8243; map_center_lng=&#8221;29.4812573&#8243; map_markers=&#8221;38.627219|29.4812573&#8243;][vc_column_text]\n<h3 style=\"text-align: center;\"><span style=\"color: #ffffff;\">Usak Factory<\/span><\/h3>\n<p style=\"text-align: center;\"><span style=\"color: #ffffff;\">Karma Organize Sanayi B\u00f6lgesi<br \/>\n17. Cad. No:30<br \/>\nMerkez\/U\u015fak &#8211; T\u00fcrkiye<br \/>\n<i class=\"fa fa-phone\"><\/i> <a style=\"color: #ffffff;\" href=\"tel:+90 (276) 234 03 03\">+90 (276) 234 03 03<\/a><br \/>\n<i class=\"fa fa-fax\"><\/i> <a style=\"color: #ffffff;\" href=\"tel:+90 (276) 234 03 51\">+90 (276) 234 03 51<\/a><br \/>\n<i class=\"fa fa-envelope\"><\/i> <a style=\"color: #ffffff;\" href=\"mailto:info@gcm.com.tr\">info@gcm.com.tr<\/a><\/span><\/p>\n[\/vc_column_text][\/vc_column][vc_column column_padding=&#8221;no-extra-padding&#8221; column_padding_tablet=&#8221;inherit&#8221; column_padding_phone=&#8221;inherit&#8221; column_padding_position=&#8221;all&#8221; background_color=&#8221;#555e62&#8243; background_color_opacity=&#8221;1&#8243; background_hover_color_opacity=&#8221;1&#8243; column_shadow=&#8221;none&#8221; column_border_radius=&#8221;none&#8221; column_link_target=&#8221;_self&#8221; gradient_direction=&#8221;left_to_right&#8221; overlay_strength=&#8221;0.3&#8243; width=&#8221;1\/3&#8243; tablet_width_inherit=&#8221;default&#8221; tablet_text_alignment=&#8221;default&#8221; phone_text_alignment=&#8221;default&#8221; column_border_width=&#8221;none&#8221; column_border_style=&#8221;solid&#8221; bg_image_animation=&#8221;none&#8221;][nectar_gmap map_type=&#8221;leaflet&#8221; zoom=&#8221;16&#8243; marker_style=&#8221;nectar&#8221; color=&#8221;accent-color&#8221; size=&#8221;400&#8243; map_center_lat=&#8221;41.0722699&#8243; map_center_lng=&#8221;28.6349274&#8243; map_markers=&#8221;41.0722699|28.6349274&#8243;][vc_column_text]\n<h3 style=\"text-align: center;\"><span style=\"color: #ffffff;\">Istanbul Factory<\/span><\/h3>\n<p style=\"text-align: center;\"><span style=\"color: #ffffff;\">Ak\u00e7aburgaz Mah. Alkop Sanayi Sitesi<br \/>\n12.Cadde No:5<br \/>\nEsenyurt\/\u0130stanbul &#8211; T\u00fcrkiye<br \/>\n<i class=\"fa fa-phone\"><\/i> <a style=\"color: #ffffff;\" href=\"tel:902126071828\">+90 (212) 607 18 28<\/a><br \/>\n<i class=\"fa fa-fax\"><\/i> <a style=\"color: #ffffff;\" href=\"tel:+90 (212) 607 28 76\">+90 (212) 607 28 76<\/a><br \/>\n<i class=\"fa fa-envelope\"><\/i> <a style=\"color: #ffffff;\" href=\"mailto:info@gcm.com.tr\">info@gcm.com.tr<\/a><\/span><\/p>\n[\/vc_column_text][\/vc_column][\/vc_row][vc_row type=&#8221;in_container&#8221; full_screen_row_position=&#8221;middle&#8221; column_margin=&#8221;default&#8221; column_direction=&#8221;default&#8221; column_direction_tablet=&#8221;default&#8221; column_direction_phone=&#8221;default&#8221; scene_position=&#8221;center&#8221; top_padding=&#8221;20&#8243; bottom_padding=&#8221;20&#8243; text_color=&#8221;dark&#8221; text_align=&#8221;center&#8221; row_border_radius=&#8221;none&#8221; row_border_radius_applies=&#8221;bg&#8221; overlay_strength=&#8221;0.3&#8243; gradient_direction=&#8221;left_to_right&#8221; shape_divider_position=&#8221;bottom&#8221; bg_image_animation=&#8221;none&#8221; shape_type=&#8221;&#8221;][vc_column column_padding=&#8221;no-extra-padding&#8221; column_padding_tablet=&#8221;inherit&#8221; column_padding_phone=&#8221;inherit&#8221; column_padding_position=&#8221;all&#8221; background_color_opacity=&#8221;1&#8243; background_hover_color_opacity=&#8221;1&#8243; column_shadow=&#8221;none&#8221; column_border_radius=&#8221;none&#8221; column_link_target=&#8221;_self&#8221; gradient_direction=&#8221;left_to_right&#8221; overlay_strength=&#8221;0.3&#8243; width=&#8221;1\/1&#8243; tablet_width_inherit=&#8221;default&#8221; tablet_text_alignment=&#8221;default&#8221; phone_text_alignment=&#8221;default&#8221; column_border_width=&#8221;none&#8221; column_border_style=&#8221;solid&#8221; bg_image_animation=&#8221;none&#8221;][nectar_btn size=&#8221;large&#8221; button_style=&#8221;regular&#8221; button_color_2=&#8221;Accent-Color&#8221; icon_family=&#8221;none&#8221; text=&#8221;Service&#8221; margin_right=&#8221;10&#8243; url=&#8221;https:\/\/gcm.com.tr\/en\/teknik-servis&#8221;][nectar_btn size=&#8221;large&#8221; button_style=&#8221;regular&#8221; button_color_2=&#8221;Accent-Color&#8221; icon_family=&#8221;none&#8221; text=&#8221;Career&#8221; margin_right=&#8221;10&#8243; url=&#8221;https:\/\/gcm.com.tr\/en\/kariyer&#8221;][nectar_btn size=&#8221;large&#8221; button_style=&#8221;regular&#8221; button_color_2=&#8221;Accent-Color&#8221; icon_family=&#8221;none&#8221; text=&#8221;Offer Request&#8221; url=&#8221;https:\/\/gcm.com.tr\/en\/teklif-iste&#8221;][\/vc_column][\/vc_row][vc_row type=&#8221;in_container&#8221; full_screen_row_position=&#8221;middle&#8221; column_margin=&#8221;default&#8221; column_direction=&#8221;default&#8221; column_direction_tablet=&#8221;default&#8221; column_direction_phone=&#8221;default&#8221; scene_position=&#8221;center&#8221; text_color=&#8221;dark&#8221; text_align=&#8221;left&#8221; row_border_radius=&#8221;none&#8221; row_border_radius_applies=&#8221;bg&#8221; overlay_strength=&#8221;0.3&#8243; gradient_direction=&#8221;left_to_right&#8221; shape_divider_position=&#8221;bottom&#8221; bg_image_animation=&#8221;none&#8221; shape_type=&#8221;&#8221;][vc_column column_padding=&#8221;no-extra-padding&#8221; column_padding_tablet=&#8221;inherit&#8221; column_padding_phone=&#8221;inherit&#8221; column_padding_position=&#8221;all&#8221; background_color_opacity=&#8221;1&#8243; background_hover_color_opacity=&#8221;1&#8243; column_shadow=&#8221;none&#8221; column_border_radius=&#8221;none&#8221; column_link_target=&#8221;_self&#8221; gradient_direction=&#8221;left_to_right&#8221; overlay_strength=&#8221;0.3&#8243; width=&#8221;1\/1&#8243; tablet_width_inherit=&#8221;default&#8221; tablet_text_alignment=&#8221;default&#8221; phone_text_alignment=&#8221;default&#8221; column_border_width=&#8221;none&#8221; column_border_style=&#8221;solid&#8221; bg_image_animation=&#8221;none&#8221;][vc_custom_heading text=&#8221;Service Request Form&#8221; font_container=&#8221;tag:h3|text_align:center&#8221; use_theme_fonts=&#8221;yes&#8221;][vc_raw_html]JTVCZm9ybWluYXRvcl9mb3JtJTIwaWQlM0QlMjI0Mzc3JTIyJTVE[\/vc_raw_html][\/vc_column][\/vc_row]\n","protected":false},"excerpt":{"rendered":"<p>[vc_row type=&#8221;full_width_content&#8221; full_screen_row_position=&#8221;middle&#8221; column_margin=&#8221;default&#8221; column_direction=&#8221;default&#8221; column_direction_tablet=&#8221;default&#8221; column_direction_phone=&#8221;default&#8221; scene_position=&#8221;center&#8221; text_color=&#8221;dark&#8221; text_align=&#8221;left&#8221; row_border_radius=&#8221;none&#8221; row_border_radius_applies=&#8221;bg&#8221; overlay_strength=&#8221;0.3&#8243; gradient_direction=&#8221;left_to_right&#8221; shape_divider_position=&#8221;bottom&#8221; bg_image_animation=&#8221;none&#8221; shape_type=&#8221;&#8221;][vc_column column_padding=&#8221;no-extra-padding&#8221; column_padding_tablet=&#8221;inherit&#8221; column_padding_phone=&#8221;inherit&#8221; column_padding_position=&#8221;all&#8221; centered_text=&#8221;true&#8221; background_color=&#8221;#555e62&#8243; background_color_opacity=&#8221;1&#8243; background_hover_color_opacity=&#8221;1&#8243;<\/p>\n","protected":false},"author":1,"featured_media":0,"parent":0,"menu_order":0,"comment_status":"closed","ping_status":"closed","template":"","meta":[],"_links":{"self":[{"href":"https:\/\/gcm.com.tr\/en\/wp-json\/wp\/v2\/pages\/4394"}],"collection":[{"href":"https:\/\/gcm.com.tr\/en\/wp-json\/wp\/v2\/pages"}],"about":[{"href":"https:\/\/gcm.com.tr\/en\/wp-json\/wp\/v2\/types\/page"}],"author":[{"embeddable":true,"href":"https:\/\/gcm.com.tr\/en\/wp-json\/wp\/v2\/users\/1"}],"replies":[{"embeddable":true,"href":"https:\/\/gcm.com.tr\/en\/wp-json\/wp\/v2\/comments?post=4394"}],"version-history":[{"count":4,"href":"https:\/\/gcm.com.tr\/en\/wp-json\/wp\/v2\/pages\/4394\/revisions"}],"predecessor-version":[{"id":4864,"href":"https:\/\/gcm.com.tr\/en\/wp-json\/wp\/v2\/pages\/4394\/revisions\/4864"}],"wp:attachment":[{"href":"https:\/\/gcm.com.tr\/en\/wp-json\/wp\/v2\/media?parent=4394"}],"curies":[{"name":"wp","href":"https:\/\/api.w.org\/{rel}","templated":true}]}}